{"id":972,"date":"2026-02-04T19:29:49","date_gmt":"2026-02-04T18:29:49","guid":{"rendered":"https:\/\/www.archibaldanalytics.be\/arch1bald\/?page_id=972"},"modified":"2026-02-18T18:21:07","modified_gmt":"2026-02-18T17:21:07","slug":"service-download","status":"publish","type":"page","link":"https:\/\/www.archibaldanalytics.be\/arch1bald\/index.php\/service-download\/","title":{"rendered":"T\u00e9l\u00e9charger"},"content":{"rendered":"<h1>T\u00e9l\u00e9chargements<\/h1>\n<h4>Archibald Desktop<\/h4>\n<p>\t\t\t\t\t<a href=\"https:\/\/www.archibaldanalytics.be\/arch1bald\/wp-content\/uploads\/2026\/02\/Archibald.zip\"><br \/>\n\t\t\t\t\t\t\t\t\tT\u00e9l\u00e9charger<br \/>\n\t\t\t\t\t<\/a><\/p>\n<h4>Archibald Monitor<\/h4>\n<p>\t\t\t\t\t<a href=\"https:\/\/www.archibaldanalytics.be\/arch1bald\/wp-content\/uploads\/2026\/02\/ArAnMonitor.zip\"><br \/>\n\t\t\t\t\t\t\t\t\tT\u00e9l\u00e9charger<br \/>\n\t\t\t\t\t<\/a><\/p>\n<h4>Archibald Cloud Connect<\/h4>\n<p>\t\t\t\t\t<a href=\"https:\/\/www.archibaldanalytics.be\/arch1bald\/wp-content\/uploads\/2026\/02\/ArAnCloudConnect.zip\"><br \/>\n\t\t\t\t\t\t\t\t\tT\u00e9l\u00e9charger<br \/>\n\t\t\t\t\t<\/a><\/p>\n","protected":false},"excerpt":{"rendered":"<p>T\u00e9l\u00e9chargements Archibald Desktop T\u00e9l\u00e9charger Archibald Monitor T\u00e9l\u00e9charger Archibald Cloud Connect T\u00e9l\u00e9charger<\/p>\n","protected":false},"author":1,"featured_media":0,"parent":0,"menu_order":0,"comment_status":"closed","ping_status":"closed","template":"elementor_header_footer","meta":{"footnotes":""},"class_list":["post-972","page","type-page","status-publish","hentry"],"_links":{"self":[{"href":"https:\/\/www.archibaldanalytics.be\/arch1bald\/index.php\/wp-json\/wp\/v2\/pages\/972","targetHints":{"allow":["GET"]}}],"collection":[{"href":"https:\/\/www.archibaldanalytics.be\/arch1bald\/index.php\/wp-json\/wp\/v2\/pages"}],"about":[{"href":"https:\/\/www.archibaldanalytics.be\/arch1bald\/index.php\/wp-json\/wp\/v2\/types\/page"}],"author":[{"embeddable":true,"href":"https:\/\/www.archibaldanalytics.be\/arch1bald\/index.php\/wp-json\/wp\/v2\/users\/1"}],"replies":[{"embeddable":true,"href":"https:\/\/www.archibaldanalytics.be\/arch1bald\/index.php\/wp-json\/wp\/v2\/comments?post=972"}],"version-history":[{"count":10,"href":"https:\/\/www.archibaldanalytics.be\/arch1bald\/index.php\/wp-json\/wp\/v2\/pages\/972\/revisions"}],"predecessor-version":[{"id":983,"href":"https:\/\/www.archibaldanalytics.be\/arch1bald\/index.php\/wp-json\/wp\/v2\/pages\/972\/revisions\/983"}],"wp:attachment":[{"href":"https:\/\/www.archibaldanalytics.be\/arch1bald\/index.php\/wp-json\/wp\/v2\/media?parent=972"}],"curies":[{"name":"wp","href":"https:\/\/api.w.org\/{rel}","templated":true}]}}